{"id":29,"date":"2022-11-26T10:03:22","date_gmt":"2022-11-26T10:03:22","guid":{"rendered":"https:\/\/makromach.com\/de\/?page_id=29"},"modified":"2022-11-26T22:58:08","modified_gmt":"2022-11-26T22:58:08","slug":"about-us","status":"publish","type":"page","link":"https:\/\/makromach.com\/de\/about-us\/","title":{"rendered":"About Us"},"content":{"rendered":"\n<div class=\"wp-block-uagb-container uagb-block-a9a923bb alignfull uagb-is-root-container\"><div class=\"uagb-container-inner-blocks-wrap\">\n<div class=\"wp-block-uagb-container uagb-block-21113b14\">\n<div class=\"wp-block-uagb-info-box uagb-block-6146ca6b uagb-infobox__content-wrap  uagb-infobox-icon-above-title uagb-infobox-image-valign-top\"><div class=\"uagb-ifb-content\"><div class=\"uagb-ifb-title-wrap\"><div class=\"uagb-ifb-separator\"><\/div><h3 class=\"uagb-ifb-title\">Unser Unternehmen<\/h3><\/div><p class=\"uagb-ifb-desc\">Mit seiner 12-j\u00e4hrigen Erfahrung und F&amp;E-Erfahrung bietet Makro Yazilim die Produktion von Betonmischanlagen, Brech- und Siebanlagen und Ausr\u00fcstungen an und ist das einzige und f\u00fchrende Unternehmen, das seine eigene Software und Automatisierungssysteme entwickelt und Maschinen, Automatisierung und Softwaresysteme anbietet an seine Kunden insgesamt.<\/p><\/div><\/div>\n<\/div>\n\n\n\n<div class=\"wp-block-uagb-container uagb-block-434e84ea\">\n<div class=\"wp-block-uagb-info-box uagb-block-585157e6 uagb-infobox__content-wrap  uagb-infobox-icon-above-title uagb-infobox-image-valign-top\"><div class=\"uagb-ifb-content\"><div class=\"uagb-ifb-title-wrap\"><div class=\"uagb-ifb-separator\"><\/div><h3 class=\"uagb-ifb-title\">Unsere Aufgabe<\/h3><\/div><p class=\"uagb-ifb-desc\">Wir haben das Prinzip angenommen, qualitativ hochwertige und zuverl\u00e4ssige Produkte herzustellen, die stets offen f\u00fcr Entwicklung und Innovation sind und dabei die Kundenzufriedenheit ber\u00fccksichtigen.<\/p><\/div><\/div>\n<\/div>\n\n\n\n<div class=\"wp-block-uagb-container uagb-block-92fe8064\">\n<div class=\"wp-block-uagb-info-box uagb-block-7c71a007 uagb-infobox__content-wrap  uagb-infobox-icon-above-title uagb-infobox-image-valign-top\"><div class=\"uagb-ifb-content\"><div class=\"uagb-ifb-title-wrap\"><div class=\"uagb-ifb-separator\"><\/div><h3 class=\"uagb-ifb-title\">Unsere Vision<\/h3><\/div><p class=\"uagb-ifb-desc\">Wir unternehmen entschlossene Schritte, um das Kundenerlebnis mit unserer benutzerfreundlichen Software zu verbessern, um unseren Kunden und Gesch\u00e4ftspartnern im Bewusstsein ihrer Verantwortung den besten Service zu bieten.<\/p><\/div><\/div>\n<\/div>\n<\/div><\/div>\n","protected":false},"excerpt":{"rendered":"","protected":false},"author":1,"featured_media":0,"parent":0,"menu_order":0,"comment_status":"closed","ping_status":"closed","template":"","meta":{"_uag_custom_page_level_css":"","site-sidebar-layout":"default","site-content-layout":"default","ast-global-header-display":"","ast-banner-title-visibility":"","ast-main-header-display":"","ast-hfb-above-header-display":"","ast-hfb-below-header-display":"","ast-hfb-mobile-header-display":"","site-post-title":"disabled","ast-breadcrumbs-content":"","ast-featured-img":"","footer-sml-layout":"","theme-transparent-header-meta":"","adv-header-id-meta":"","stick-header-meta":"","header-above-stick-meta":"","header-main-stick-meta":"","header-below-stick-meta":""},"uagb_featured_image_src":{"full":false,"thumbnail":false,"medium":false,"medium_large":false,"large":false,"1536x1536":false,"2048x2048":false,"woocommerce_thumbnail":false,"woocommerce_single":false,"woocommerce_gallery_thumbnail":false},"uagb_author_info":{"display_name":"s\u00fcperviz\u00f6r","author_link":"https:\/\/makromach.com\/de\/author\/supervisor\/"},"uagb_comment_info":0,"uagb_excerpt":null,"_links":{"self":[{"href":"https:\/\/makromach.com\/de\/wp-json\/wp\/v2\/pages\/29"}],"collection":[{"href":"https:\/\/makromach.com\/de\/wp-json\/wp\/v2\/pages"}],"about":[{"href":"https:\/\/makromach.com\/de\/wp-json\/wp\/v2\/types\/page"}],"author":[{"embeddable":true,"href":"https:\/\/makromach.com\/de\/wp-json\/wp\/v2\/users\/1"}],"replies":[{"embeddable":true,"href":"https:\/\/makromach.com\/de\/wp-json\/wp\/v2\/comments?post=29"}],"version-history":[{"count":8,"href":"https:\/\/makromach.com\/de\/wp-json\/wp\/v2\/pages\/29\/revisions"}],"predecessor-version":[{"id":108,"href":"https:\/\/makromach.com\/de\/wp-json\/wp\/v2\/pages\/29\/revisions\/108"}],"wp:attachment":[{"href":"https:\/\/makromach.com\/de\/wp-json\/wp\/v2\/media?parent=29"}],"curies":[{"name":"wp","href":"https:\/\/api.w.org\/{rel}","templated":true}]}}