{"id":29,"date":"2022-11-26T10:03:58","date_gmt":"2022-11-26T10:03:58","guid":{"rendered":"https:\/\/makromach.com\/tr\/?page_id=29"},"modified":"2022-11-26T23:01:08","modified_gmt":"2022-11-26T23:01:08","slug":"about-us","status":"publish","type":"page","link":"https:\/\/makromach.com\/tr\/about-us\/","title":{"rendered":"About Us"},"content":{"rendered":"\n<div class=\"wp-block-uagb-container uagb-block-5ca42cfd alignfull uagb-is-root-container\"><div class=\"uagb-container-inner-blocks-wrap\">\n<div class=\"wp-block-uagb-container uagb-block-5d1569e7\">\n<div class=\"wp-block-uagb-info-box uagb-block-beb3688a uagb-infobox__content-wrap  uagb-infobox-icon-above-title uagb-infobox-image-valign-top\"><div class=\"uagb-ifb-content\"><div class=\"uagb-ifb-title-wrap\"><div class=\"uagb-ifb-separator\"><\/div><h3 class=\"uagb-ifb-title\">\u015eirketimiz<\/h3><\/div><p class=\"uagb-ifb-desc\">Makro Yaz\u0131l\u0131m 12 y\u0131ll\u0131k tecr\u00fcbesi ve AR-GE birikimi ile Beton Santralleri, K\u0131rma Eleme Tesisleri ve Ekipmanlar\u0131n\u0131n \u00fcretimini sa\u011flamakta ve ayn\u0131 zamanda Yaz\u0131l\u0131m ve Otomasyon sistemlerini de kendi b\u00fcnyesinde geli\u015ftirerek makine, otomasyon ve yaz\u0131l\u0131m sistemlerini bir b\u00fct\u00fcn halinde m\u00fc\u015fterilerine sunan tek ve \u00f6nc\u00fc firmad\u0131r.<\/p><\/div><\/div>\n<\/div>\n\n\n\n<div class=\"wp-block-uagb-container uagb-block-c9d9a4d2\">\n<div class=\"wp-block-uagb-info-box uagb-block-94770c3b uagb-infobox__content-wrap  uagb-infobox-icon-above-title uagb-infobox-image-valign-top\"><div class=\"uagb-ifb-content\"><div class=\"uagb-ifb-title-wrap\"><div class=\"uagb-ifb-separator\"><\/div><h3 class=\"uagb-ifb-title\">Misyonumuz<\/h3><\/div><p class=\"uagb-ifb-desc\">Her zaman geli\u015ftirmeye ve inovasyona a\u00e7\u0131k, m\u00fc\u015fteri memnuniyetini g\u00f6zeterek y\u00fcksek kaliteli ve g\u00fcvenilir \u00fcr\u00fcnler \u00fcretmeyi kendimize ilke edindik.<\/p><\/div><\/div>\n<\/div>\n\n\n\n<div class=\"wp-block-uagb-container uagb-block-7b8a5b27\">\n<div class=\"wp-block-uagb-info-box uagb-block-c09c0ff3 uagb-infobox__content-wrap  uagb-infobox-icon-above-title uagb-infobox-image-valign-top\"><div class=\"uagb-ifb-content\"><div class=\"uagb-ifb-title-wrap\"><div class=\"uagb-ifb-separator\"><\/div><h3 class=\"uagb-ifb-title\">Vizyonumuz<\/h3><\/div><p class=\"uagb-ifb-desc\">Kullan\u0131c\u0131 dostu yaz\u0131l\u0131mlar\u0131m\u0131z ile m\u00fc\u015fteri deneyimini artt\u0131rmay\u0131, sorumluluklar\u0131n\u0131n bilincinde, m\u00fc\u015fterilerine ve i\u015f ortaklar\u0131na en iyi hizmeti sunmak i\u00e7in emin ad\u0131mlarla ilerlemekteyiz.<\/p><\/div><\/div>\n<\/div>\n<\/div><\/div>\n","protected":false},"excerpt":{"rendered":"","protected":false},"author":1,"featured_media":0,"parent":0,"menu_order":0,"comment_status":"closed","ping_status":"closed","template":"","meta":{"_uag_custom_page_level_css":"","site-sidebar-layout":"default","site-content-layout":"default","ast-global-header-display":"","ast-banner-title-visibility":"","ast-main-header-display":"","ast-hfb-above-header-display":"","ast-hfb-below-header-display":"","ast-hfb-mobile-header-display":"","site-post-title":"disabled","ast-breadcrumbs-content":"","ast-featured-img":"","footer-sml-layout":"","theme-transparent-header-meta":"","adv-header-id-meta":"","stick-header-meta":"","header-above-stick-meta":"","header-main-stick-meta":"","header-below-stick-meta":""},"uagb_featured_image_src":{"full":false,"thumbnail":false,"medium":false,"medium_large":false,"large":false,"1536x1536":false,"2048x2048":false,"woocommerce_thumbnail":false,"woocommerce_single":false,"woocommerce_gallery_thumbnail":false},"uagb_author_info":{"display_name":"s\u00fcperviz\u00f6r","author_link":"https:\/\/makromach.com\/tr\/author\/supervisor\/"},"uagb_comment_info":0,"uagb_excerpt":null,"_links":{"self":[{"href":"https:\/\/makromach.com\/tr\/wp-json\/wp\/v2\/pages\/29"}],"collection":[{"href":"https:\/\/makromach.com\/tr\/wp-json\/wp\/v2\/pages"}],"about":[{"href":"https:\/\/makromach.com\/tr\/wp-json\/wp\/v2\/types\/page"}],"author":[{"embeddable":true,"href":"https:\/\/makromach.com\/tr\/wp-json\/wp\/v2\/users\/1"}],"replies":[{"embeddable":true,"href":"https:\/\/makromach.com\/tr\/wp-json\/wp\/v2\/comments?post=29"}],"version-history":[{"count":22,"href":"https:\/\/makromach.com\/tr\/wp-json\/wp\/v2\/pages\/29\/revisions"}],"predecessor-version":[{"id":113,"href":"https:\/\/makromach.com\/tr\/wp-json\/wp\/v2\/pages\/29\/revisions\/113"}],"wp:attachment":[{"href":"https:\/\/makromach.com\/tr\/wp-json\/wp\/v2\/media?parent=29"}],"curies":[{"name":"wp","href":"https:\/\/api.w.org\/{rel}","templated":true}]}}